{"id":1516,"date":"2020-10-14T11:17:44","date_gmt":"2020-10-14T11:17:44","guid":{"rendered":"https:\/\/www.plc-control.net\/?post_type=product&#038;p=1516"},"modified":"2020-10-14T11:17:45","modified_gmt":"2020-10-14T11:17:45","slug":"foxtrot-cp-1001","status":"publish","type":"product","link":"https:\/\/www.plc-control.net\/en\/product\/foxtrot-cp-1001\/","title":{"rendered":"CP-1001"},"content":{"rendered":"<ul>\n<li>CP-1001, CPU, ETH100\/10, 1\u00d7RS-232, optional 1-3\u00d7SCH, 4+2\u00d7DI, 1\u00d7RO 230 V\/ 3A,1xTCL2, 2\u00d7CIB nap\u00e1jen\u00e9,384KB program memory, 192KB variables memory, 512 KB DataBox, SD\/MMMC slot<\/li>\n<li>Objednac\u00ed k\u00f3d \/ Order code : TXN 110 01<\/li>\n<\/ul>","protected":false},"excerpt":{"rendered":"<p>CP-1001, CPU, ETH100\/10, 1\u00d7RS-232, optional 1-3\u00d7SCH, 4+2\u00d7DI, 1\u00d7RO 230 V\/ 3A,1xTCL2, 2\u00d7CIB nap\u00e1jen\u00e9,384KB program memory, 192KB variables memory, 512 KB DataBox, SD\/MMMC slot<\/p>","protected":false},"featured_media":1517,"comment_status":"open","ping_status":"closed","template":"","meta":[],"product_brand":[],"product_cat":[46,31,32],"product_tag":[],"class_list":{"0":"post-1516","1":"product","2":"type-product","3":"status-publish","4":"has-post-thumbnail","6":"product_cat-central-units","7":"product_cat-plc","8":"product_cat-tecomat","10":"first","11":"instock","12":"shipping-taxable","13":"product-type-simple"},"yoast_head":"<!-- This site is optimized with the Yoast SEO plugin v26.1.1 - https:\/\/yoast.com\/wordpress\/plugins\/seo\/ -->\n<title>CP-1001 - PLC &amp; HMI Programov\u00e1n\u00ed<\/title>\n<meta name=\"description\" content=\"CP-1001, CPU, ETH100\/10, 1\u00d7RS-232, optional 1-3\u00d7SCH, 4+2\u00d7DI, 1\u00d7RO 230 V\/ 3A,1xTCL2, 2\u00d7CIB nap\u00e1jen\u00e9,384KB program memory, 192KB variables memory, 512 KB DataBox, SD\/MMMC slot\" \/>\n<meta name=\"robots\" content=\"index, follow, max-snippet:-1, max-image-preview:large, max-video-preview:-1\" \/>\n<link rel=\"canonical\" href=\"https:\/\/www.plc-control.net\/en\/product\/foxtrot-cp-1001\/\" \/>\n<meta property=\"og:locale\" content=\"en_GB\" \/>\n<meta property=\"og:type\" content=\"article\" \/>\n<meta property=\"og:title\" content=\"CP-1001 - PLC &amp; HMI Programov\u00e1n\u00ed\" \/>\n<meta property=\"og:description\" content=\"CP-1001, CPU, ETH100\/10, 1\u00d7RS-232, optional 1-3\u00d7SCH, 4+2\u00d7DI, 1\u00d7RO 230 V\/ 3A,1xTCL2, 2\u00d7CIB nap\u00e1jen\u00e9,384KB program memory, 192KB variables memory, 512 KB DataBox, SD\/MMMC slot\" \/>\n<meta property=\"og:url\" content=\"https:\/\/www.plc-control.net\/en\/product\/foxtrot-cp-1001\/\" \/>\n<meta property=\"og:site_name\" content=\"PLC &amp; HMI Programov\u00e1n\u00ed\" \/>\n<meta property=\"article:modified_time\" content=\"2020-10-14T11:17:45+00:00\" \/>\n<meta property=\"og:image\" content=\"https:\/\/www.plc-control.net\/wp-content\/uploads\/2020\/10\/600_FOXTROT_CP-1001_02.png\" \/>\n\t<meta property=\"og:image:width\" content=\"600\" \/>\n\t<meta property=\"og:image:height\" content=\"378\" \/>\n\t<meta property=\"og:image:type\" content=\"image\/png\" \/>\n<meta name=\"twitter:card\" content=\"summary_large_image\" \/>\n<script type=\"application\/ld+json\" class=\"yoast-schema-graph\">{\"@context\":\"https:\/\/schema.org\",\"@graph\":[{\"@type\":\"WebPage\",\"@id\":\"https:\/\/www.plc-control.net\/product\/foxtrot-cp-1001\/\",\"url\":\"https:\/\/www.plc-control.net\/product\/foxtrot-cp-1001\/\",\"name\":\"CP-1001 - PLC &amp; HMI Programov\u00e1n\u00ed\",\"isPartOf\":{\"@id\":\"https:\/\/www.plc-control.net\/#website\"},\"primaryImageOfPage\":{\"@id\":\"https:\/\/www.plc-control.net\/product\/foxtrot-cp-1001\/#primaryimage\"},\"image\":{\"@id\":\"https:\/\/www.plc-control.net\/product\/foxtrot-cp-1001\/#primaryimage\"},\"thumbnailUrl\":\"https:\/\/www.plc-control.net\/wp-content\/uploads\/2020\/10\/600_FOXTROT_CP-1001_02.png\",\"datePublished\":\"2020-10-14T11:17:44+00:00\",\"dateModified\":\"2020-10-14T11:17:45+00:00\",\"description\":\"CP-1001, CPU, ETH100\/10, 1\u00d7RS-232, optional 1-3\u00d7SCH, 4+2\u00d7DI, 1\u00d7RO 230 V\/ 3A,1xTCL2, 2\u00d7CIB nap\u00e1jen\u00e9,384KB program memory, 192KB variables memory, 512 KB DataBox, SD\/MMMC slot\",\"breadcrumb\":{\"@id\":\"https:\/\/www.plc-control.net\/product\/foxtrot-cp-1001\/#breadcrumb\"},\"inLanguage\":\"en-GB\",\"potentialAction\":[{\"@type\":\"ReadAction\",\"target\":[\"https:\/\/www.plc-control.net\/product\/foxtrot-cp-1001\/\"]}]},{\"@type\":\"ImageObject\",\"inLanguage\":\"en-GB\",\"@id\":\"https:\/\/www.plc-control.net\/product\/foxtrot-cp-1001\/#primaryimage\",\"url\":\"https:\/\/www.plc-control.net\/wp-content\/uploads\/2020\/10\/600_FOXTROT_CP-1001_02.png\",\"contentUrl\":\"https:\/\/www.plc-control.net\/wp-content\/uploads\/2020\/10\/600_FOXTROT_CP-1001_02.png\",\"width\":600,\"height\":378,\"caption\":\"CP-1001\"},{\"@type\":\"BreadcrumbList\",\"@id\":\"https:\/\/www.plc-control.net\/product\/foxtrot-cp-1001\/#breadcrumb\",\"itemListElement\":[{\"@type\":\"ListItem\",\"position\":1,\"name\":\"Dom\u016f\",\"item\":\"https:\/\/www.plc-control.net\/\"},{\"@type\":\"ListItem\",\"position\":2,\"name\":\"Shop\",\"item\":\"https:\/\/www.plc-control.net\/shop\/\"},{\"@type\":\"ListItem\",\"position\":3,\"name\":\"CP-1001\"}]},{\"@type\":\"WebSite\",\"@id\":\"https:\/\/www.plc-control.net\/#website\",\"url\":\"https:\/\/www.plc-control.net\/\",\"name\":\"PLC &amp; HMI Programov\u00e1n\u00ed\",\"description\":\"Allen-Bradley, Beckhoff, Click-KOYO, Fatek, IDEC, Mitsubishi, SAIA, Siemens, Tecomat, Unitronics, Weintek\",\"publisher\":{\"@id\":\"https:\/\/www.plc-control.net\/#organization\"},\"potentialAction\":[{\"@type\":\"SearchAction\",\"target\":{\"@type\":\"EntryPoint\",\"urlTemplate\":\"https:\/\/www.plc-control.net\/?s={search_term_string}\"},\"query-input\":{\"@type\":\"PropertyValueSpecification\",\"valueRequired\":true,\"valueName\":\"search_term_string\"}}],\"inLanguage\":\"en-GB\"},{\"@type\":\"Organization\",\"@id\":\"https:\/\/www.plc-control.net\/#organization\",\"name\":\"Programov\u00e1n\u00ed PLC\",\"url\":\"https:\/\/www.plc-control.net\/\",\"logo\":{\"@type\":\"ImageObject\",\"inLanguage\":\"en-GB\",\"@id\":\"https:\/\/www.plc-control.net\/#\/schema\/logo\/image\/\",\"url\":\"https:\/\/www.plc-control.net\/wp-content\/uploads\/2016\/08\/favicon.png\",\"contentUrl\":\"https:\/\/www.plc-control.net\/wp-content\/uploads\/2016\/08\/favicon.png\",\"width\":76,\"height\":76,\"caption\":\"Programov\u00e1n\u00ed PLC\"},\"image\":{\"@id\":\"https:\/\/www.plc-control.net\/#\/schema\/logo\/image\/\"}}]}<\/script>\n<!-- \/ Yoast SEO plugin. -->","yoast_head_json":{"title":"CP-1001 - PLC &amp; HMI Programov\u00e1n\u00ed","description":"CP-1001, CPU, ETH100\/10, 1\u00d7RS-232, optional 1-3\u00d7SCH, 4+2\u00d7DI, 1\u00d7RO 230 V\/ 3A,1xTCL2, 2\u00d7CIB nap\u00e1jen\u00e9,384KB program memory, 192KB variables memory, 512 KB DataBox, SD\/MMMC slot","robots":{"index":"index","follow":"follow","max-snippet":"max-snippet:-1","max-image-preview":"max-image-preview:large","max-video-preview":"max-video-preview:-1"},"canonical":"https:\/\/www.plc-control.net\/en\/product\/foxtrot-cp-1001\/","og_locale":"en_GB","og_type":"article","og_title":"CP-1001 - PLC &amp; HMI Programov\u00e1n\u00ed","og_description":"CP-1001, CPU, ETH100\/10, 1\u00d7RS-232, optional 1-3\u00d7SCH, 4+2\u00d7DI, 1\u00d7RO 230 V\/ 3A,1xTCL2, 2\u00d7CIB nap\u00e1jen\u00e9,384KB program memory, 192KB variables memory, 512 KB DataBox, SD\/MMMC slot","og_url":"https:\/\/www.plc-control.net\/en\/product\/foxtrot-cp-1001\/","og_site_name":"PLC &amp; HMI Programov\u00e1n\u00ed","article_modified_time":"2020-10-14T11:17:45+00:00","og_image":[{"width":600,"height":378,"url":"https:\/\/www.plc-control.net\/wp-content\/uploads\/2020\/10\/600_FOXTROT_CP-1001_02.png","type":"image\/png"}],"twitter_card":"summary_large_image","schema":{"@context":"https:\/\/schema.org","@graph":[{"@type":"WebPage","@id":"https:\/\/www.plc-control.net\/product\/foxtrot-cp-1001\/","url":"https:\/\/www.plc-control.net\/product\/foxtrot-cp-1001\/","name":"CP-1001 - PLC &amp; HMI Programov\u00e1n\u00ed","isPartOf":{"@id":"https:\/\/www.plc-control.net\/#website"},"primaryImageOfPage":{"@id":"https:\/\/www.plc-control.net\/product\/foxtrot-cp-1001\/#primaryimage"},"image":{"@id":"https:\/\/www.plc-control.net\/product\/foxtrot-cp-1001\/#primaryimage"},"thumbnailUrl":"https:\/\/www.plc-control.net\/wp-content\/uploads\/2020\/10\/600_FOXTROT_CP-1001_02.png","datePublished":"2020-10-14T11:17:44+00:00","dateModified":"2020-10-14T11:17:45+00:00","description":"CP-1001, CPU, ETH100\/10, 1\u00d7RS-232, optional 1-3\u00d7SCH, 4+2\u00d7DI, 1\u00d7RO 230 V\/ 3A,1xTCL2, 2\u00d7CIB nap\u00e1jen\u00e9,384KB program memory, 192KB variables memory, 512 KB DataBox, SD\/MMMC slot","breadcrumb":{"@id":"https:\/\/www.plc-control.net\/product\/foxtrot-cp-1001\/#breadcrumb"},"inLanguage":"en-GB","potentialAction":[{"@type":"ReadAction","target":["https:\/\/www.plc-control.net\/product\/foxtrot-cp-1001\/"]}]},{"@type":"ImageObject","inLanguage":"en-GB","@id":"https:\/\/www.plc-control.net\/product\/foxtrot-cp-1001\/#primaryimage","url":"https:\/\/www.plc-control.net\/wp-content\/uploads\/2020\/10\/600_FOXTROT_CP-1001_02.png","contentUrl":"https:\/\/www.plc-control.net\/wp-content\/uploads\/2020\/10\/600_FOXTROT_CP-1001_02.png","width":600,"height":378,"caption":"CP-1001"},{"@type":"BreadcrumbList","@id":"https:\/\/www.plc-control.net\/product\/foxtrot-cp-1001\/#breadcrumb","itemListElement":[{"@type":"ListItem","position":1,"name":"Dom\u016f","item":"https:\/\/www.plc-control.net\/"},{"@type":"ListItem","position":2,"name":"Shop","item":"https:\/\/www.plc-control.net\/shop\/"},{"@type":"ListItem","position":3,"name":"CP-1001"}]},{"@type":"WebSite","@id":"https:\/\/www.plc-control.net\/#website","url":"https:\/\/www.plc-control.net\/","name":"PLC &amp; HMI Programov\u00e1n\u00ed","description":"Allen-Bradley, Beckhoff, Click-KOYO, Fatek, IDEC, Mitsubishi, SAIA, Siemens, Tecomat, Unitronics, Weintek","publisher":{"@id":"https:\/\/www.plc-control.net\/#organization"},"potentialAction":[{"@type":"SearchAction","target":{"@type":"EntryPoint","urlTemplate":"https:\/\/www.plc-control.net\/?s={search_term_string}"},"query-input":{"@type":"PropertyValueSpecification","valueRequired":true,"valueName":"search_term_string"}}],"inLanguage":"en-GB"},{"@type":"Organization","@id":"https:\/\/www.plc-control.net\/#organization","name":"Programov\u00e1n\u00ed PLC","url":"https:\/\/www.plc-control.net\/","logo":{"@type":"ImageObject","inLanguage":"en-GB","@id":"https:\/\/www.plc-control.net\/#\/schema\/logo\/image\/","url":"https:\/\/www.plc-control.net\/wp-content\/uploads\/2016\/08\/favicon.png","contentUrl":"https:\/\/www.plc-control.net\/wp-content\/uploads\/2016\/08\/favicon.png","width":76,"height":76,"caption":"Programov\u00e1n\u00ed PLC"},"image":{"@id":"https:\/\/www.plc-control.net\/#\/schema\/logo\/image\/"}}]}},"_links":{"self":[{"href":"https:\/\/www.plc-control.net\/en\/wp-json\/wp\/v2\/product\/1516","targetHints":{"allow":["GET"]}}],"collection":[{"href":"https:\/\/www.plc-control.net\/en\/wp-json\/wp\/v2\/product"}],"about":[{"href":"https:\/\/www.plc-control.net\/en\/wp-json\/wp\/v2\/types\/product"}],"replies":[{"embeddable":true,"href":"https:\/\/www.plc-control.net\/en\/wp-json\/wp\/v2\/comments?post=1516"}],"wp:featuredmedia":[{"embeddable":true,"href":"https:\/\/www.plc-control.net\/en\/wp-json\/wp\/v2\/media\/1517"}],"wp:attachment":[{"href":"https:\/\/www.plc-control.net\/en\/wp-json\/wp\/v2\/media?parent=1516"}],"wp:term":[{"taxonomy":"product_brand","embeddable":true,"href":"https:\/\/www.plc-control.net\/en\/wp-json\/wp\/v2\/product_brand?post=1516"},{"taxonomy":"product_cat","embeddable":true,"href":"https:\/\/www.plc-control.net\/en\/wp-json\/wp\/v2\/product_cat?post=1516"},{"taxonomy":"product_tag","embeddable":true,"href":"https:\/\/www.plc-control.net\/en\/wp-json\/wp\/v2\/product_tag?post=1516"}],"curies":[{"name":"wp","href":"https:\/\/api.w.org\/{rel}","templated":true}]}}