{"id":1448,"date":"2020-09-28T05:48:03","date_gmt":"2020-09-28T05:48:03","guid":{"rendered":"https:\/\/www.plc-control.net\/?page_id=1448"},"modified":"2020-09-28T09:44:07","modified_gmt":"2020-09-28T09:44:07","slug":"reference","status":"publish","type":"page","link":"https:\/\/www.plc-control.net\/en\/reference\/","title":{"rendered":"References"},"content":{"rendered":"<div data-elementor-type=\"wp-page\" data-elementor-id=\"1448\" class=\"elementor elementor-1448\">\n\t\t\t\t\t\t<section class=\"elementor-section elementor-top-section elementor-element elementor-element-90541d2 elementor-section-stretched elementor-section-boxed elementor-section-height-default elementor-section-height-default elementor-invisible\" data-id=\"90541d2\" data-element_type=\"section\" data-settings=\"{&quot;stretch_section&quot;:&quot;section-stretched&quot;,&quot;animation&quot;:&quot;slideInDown&quot;}\">\n\t\t\t\t\t\t<div class=\"elementor-container elementor-column-gap-default\">\n\t\t\t\t\t<div class=\"elementor-column elementor-col-100 elementor-top-column elementor-element elementor-element-d65c3ea\" data-id=\"d65c3ea\" data-element_type=\"column\">\n\t\t\t<div class=\"elementor-widget-wrap elementor-element-populated\">\n\t\t\t\t\t\t<div class=\"elementor-element elementor-element-761a9b1 elementor-widget elementor-widget-page-title\" data-id=\"761a9b1\" data-element_type=\"widget\" data-settings=\"{&quot;align&quot;:&quot;center&quot;}\" data-widget_type=\"page-title.default\">\n\t\t\t\t<div class=\"elementor-widget-container\">\n\t\t\t\t\t\t\t\n\t\t<div class=\"hfe-page-title hfe-page-title-wrapper elementor-widget-heading\">\n\n\t\t\t\t\t\t\t\t\t\t\t<a href=\"https:\/\/www.plc-control.net\/en\">\n\t\t\t\t\t\t<h2 class=\"elementor-heading-title elementor-size-default\">\n\t\t\t\t\t\t\t\t\n\t\t\t\tReferences  \n\t\t\t<\/h2> \n\t\t\t\t\t\t\t\t\t<\/a>\n\t\t\t\t\t<\/div>\n\t\t\t\t\t\t<\/div>\n\t\t\t\t<\/div>\n\t\t\t\t\t<\/div>\n\t\t<\/div>\n\t\t\t\t\t<\/div>\n\t\t<\/section>\n\t\t\t\t<section class=\"elementor-section elementor-top-section elementor-element elementor-element-b5a3b46 elementor-section-full_width elementor-section-stretched elementor-section-height-default elementor-section-height-default elementor-invisible\" data-id=\"b5a3b46\" data-element_type=\"section\" data-settings=\"{&quot;stretch_section&quot;:&quot;section-stretched&quot;,&quot;animation&quot;:&quot;slideInUp&quot;,&quot;animation_delay&quot;:500}\">\n\t\t\t\t\t\t<div class=\"elementor-container elementor-column-gap-default\">\n\t\t\t\t\t<div class=\"elementor-column elementor-col-100 elementor-top-column elementor-element elementor-element-89faa3c\" data-id=\"89faa3c\" data-element_type=\"column\">\n\t\t\t<div class=\"elementor-widget-wrap elementor-element-populated\">\n\t\t\t\t\t\t<div class=\"elementor-element elementor-element-7c61f48 elementor-widget elementor-widget-obfx-posts-grid\" data-id=\"7c61f48\" data-element_type=\"widget\" data-widget_type=\"obfx-posts-grid.default\">\n\t\t\t\t<div class=\"elementor-widget-container\">\n\t\t\t\t\t<div class=\"obfx-grid\"><div class=\"obfx-grid-container obfx-grid-desktop-3\"><div class=\"obfx-grid-wrapper\"><article class=\"obfx-grid-col\"><div class=\"obfx-grid-col-image\" ><a href=\"https:\/\/www.plc-control.net\/en\/2016\/12\/02\/ikem-objekt-f-migrace-procesoru-saia-pcd3-m5540\/\" title=\"1.12.2016 IKEM objekt F, PA 36.4, migrace procesoru SAIA PCD2.M5540\"><img fetchpriority=\"high\" decoding=\"async\" width=\"4000\" height=\"3000\" src=\"https:\/\/www.plc-control.net\/wp-content\/uploads\/2016\/12\/P1060647.jpg\" class=\"img-responsive wp-post-image\" alt=\"PLC SAIA PA 36.4\" srcset=\"https:\/\/www.plc-control.net\/wp-content\/uploads\/2016\/12\/P1060647.jpg 4000w, https:\/\/www.plc-control.net\/wp-content\/uploads\/2016\/12\/P1060647-300x225.jpg 300w, https:\/\/www.plc-control.net\/wp-content\/uploads\/2016\/12\/P1060647-768x576.jpg 768w, https:\/\/www.plc-control.net\/wp-content\/uploads\/2016\/12\/P1060647-1024x768.jpg 1024w, https:\/\/www.plc-control.net\/wp-content\/uploads\/2016\/12\/P1060647-285x214.jpg 285w\" sizes=\"(max-width: 4000px) 100vw, 4000px\" \/><\/a><\/div><div class=\"obfx-grid-col-content\">\t\t\t<h2 class=\"entry-title obfx-grid-title\">\n\t\t\t\t\t\t\t<a href=\"https:\/\/www.plc-control.net\/en\/2016\/12\/02\/ikem-objekt-f-migrace-procesoru-saia-pcd3-m5540\/\" title=\"1.12.2016 IKEM objekt F, PA 36.4, migrace procesoru SAIA PCD2.M5540\">\n\t\t\t\t\t1.12.2016 IKEM objekt F, PA 36.4, migrace procesoru SAIA PCD2.M5540\t\t\t\t<\/a>\n\t\t\t\t\t\t\t<\/h2>\n\t\t\t\t\t\t<div class=\"entry-content obfx-grid-content\">\n\t\t\t\tIKEM - migrace procesoru SAIA\t\t\t<\/div>\n\t\t\t<\/div><\/article><\/div><div class=\"obfx-grid-wrapper\"><article class=\"obfx-grid-col\"><div class=\"obfx-grid-col-image\" ><a href=\"https:\/\/www.plc-control.net\/en\/2016\/11\/12\/9-11-2016-fame-utb-zaluzie\/\" title=\"9.11.2016 FAME UTB \u017ealuzie\"><img decoding=\"async\" width=\"4000\" height=\"3000\" src=\"https:\/\/www.plc-control.net\/wp-content\/uploads\/2016\/11\/P1060628.jpg\" class=\"img-responsive wp-post-image\" alt=\"p1060628\" srcset=\"https:\/\/www.plc-control.net\/wp-content\/uploads\/2016\/11\/P1060628.jpg 4000w, https:\/\/www.plc-control.net\/wp-content\/uploads\/2016\/11\/P1060628-300x225.jpg 300w, https:\/\/www.plc-control.net\/wp-content\/uploads\/2016\/11\/P1060628-768x576.jpg 768w, https:\/\/www.plc-control.net\/wp-content\/uploads\/2016\/11\/P1060628-1024x768.jpg 1024w, https:\/\/www.plc-control.net\/wp-content\/uploads\/2016\/11\/P1060628-285x214.jpg 285w\" sizes=\"(max-width: 4000px) 100vw, 4000px\" \/><\/a><\/div><div class=\"obfx-grid-col-content\">\t\t\t<h2 class=\"entry-title obfx-grid-title\">\n\t\t\t\t\t\t\t<a href=\"https:\/\/www.plc-control.net\/en\/2016\/11\/12\/9-11-2016-fame-utb-zaluzie\/\" title=\"9.11.2016 FAME UTB \u017ealuzie\">\n\t\t\t\t\t9.11.2016 FAME UTB \u017ealuzie\t\t\t\t<\/a>\n\t\t\t\t\t\t\t<\/h2>\n\t\t\t\t\t\t<div class=\"entry-content obfx-grid-content\">\n\t\t\t\t\u00daprava software na ovl\u00e1d\u00e1n\u00ed \u017ealuzi\u00ed\t\t\t<\/div>\n\t\t\t<\/div><\/article><\/div><div class=\"obfx-grid-wrapper\"><article class=\"obfx-grid-col\"><div class=\"obfx-grid-col-image\" ><a href=\"https:\/\/www.plc-control.net\/en\/2016\/11\/02\/uprava-software-pro-ovladani-zaluzii-objekt-fame-utb\/\" title=\"\u00daprava software pro ovl\u00e1d\u00e1n\u00ed \u017ealuzi\u00ed objekt FAME UTB\"><img decoding=\"async\" width=\"4000\" height=\"3000\" src=\"https:\/\/www.plc-control.net\/wp-content\/uploads\/2016\/11\/P1060622.jpg\" class=\"img-responsive wp-post-image\" alt=\"p1060622\" srcset=\"https:\/\/www.plc-control.net\/wp-content\/uploads\/2016\/11\/P1060622.jpg 4000w, https:\/\/www.plc-control.net\/wp-content\/uploads\/2016\/11\/P1060622-300x225.jpg 300w, https:\/\/www.plc-control.net\/wp-content\/uploads\/2016\/11\/P1060622-768x576.jpg 768w, https:\/\/www.plc-control.net\/wp-content\/uploads\/2016\/11\/P1060622-1024x768.jpg 1024w, https:\/\/www.plc-control.net\/wp-content\/uploads\/2016\/11\/P1060622-285x214.jpg 285w\" sizes=\"(max-width: 4000px) 100vw, 4000px\" \/><\/a><\/div><div class=\"obfx-grid-col-content\">\t\t\t<h2 class=\"entry-title obfx-grid-title\">\n\t\t\t\t\t\t\t<a href=\"https:\/\/www.plc-control.net\/en\/2016\/11\/02\/uprava-software-pro-ovladani-zaluzii-objekt-fame-utb\/\" title=\"\u00daprava software pro ovl\u00e1d\u00e1n\u00ed \u017ealuzi\u00ed objekt FAME UTB\">\n\t\t\t\t\t\u00daprava software pro ovl\u00e1d\u00e1n\u00ed \u017ealuzi\u00ed objekt FAME UTB\t\t\t\t<\/a>\n\t\t\t\t\t\t\t<\/h2>\n\t\t\t\t\t\t<div class=\"entry-content obfx-grid-content\">\n\t\t\t\t28.10.2016 - \u00faprava software FAME UTB - \u017ealuzie\t\t\t<\/div>\n\t\t\t<\/div><\/article><\/div><div class=\"obfx-grid-wrapper\"><article class=\"obfx-grid-col\"><div class=\"obfx-grid-col-image\" ><a href=\"https:\/\/www.plc-control.net\/en\/2016\/10\/13\/hanon-systems-indie\/\" title=\"HANON SYSTEMS Indie\"><img loading=\"lazy\" decoding=\"async\" width=\"200\" height=\"200\" src=\"https:\/\/www.plc-control.net\/wp-content\/uploads\/2016\/10\/hanon_systems.png\" class=\"img-responsive wp-post-image\" alt=\"hanon_systems\" srcset=\"https:\/\/www.plc-control.net\/wp-content\/uploads\/2016\/10\/hanon_systems.png 200w, https:\/\/www.plc-control.net\/wp-content\/uploads\/2016\/10\/hanon_systems-150x150.png 150w, https:\/\/www.plc-control.net\/wp-content\/uploads\/2016\/10\/hanon_systems-174x174.png 174w\" sizes=\"(max-width: 200px) 100vw, 200px\" \/><\/a><\/div><div class=\"obfx-grid-col-content\">\t\t\t<h2 class=\"entry-title obfx-grid-title\">\n\t\t\t\t\t\t\t<a href=\"https:\/\/www.plc-control.net\/en\/2016\/10\/13\/hanon-systems-indie\/\" title=\"HANON SYSTEMS Indie\">\n\t\t\t\t\tHANON SYSTEMS Indie\t\t\t\t<\/a>\n\t\t\t\t\t\t\t<\/h2>\n\t\t\t\t\t\t<div class=\"entry-content obfx-grid-content\">\n\t\t\t\tP\u0159ed\u00e1v\u00e1n\u00ed zak\u00e1zky v Indi\u00ed 10\/2016\t\t\t<\/div>\n\t\t\t<\/div><\/article><\/div>\t\t\t\t<div class=\"obfx-grid-pagination\">\n\t\t\t\t\t\t\t\t\t\t<nav class=\"pagination\">\n\t\t\t\t\t\t<a class=\"prev page-numbers\" href=\"https:\/\/www.plc-control.net\/en\/reference\/page\/1\/\" data-no-translation=\"\" data-trp-gettext=\"\">Previous<\/a>\n<a aria-label=\"Page 1\" class=\"page-numbers\" href=\"https:\/\/www.plc-control.net\/en\/reference\/page\/1\/\" data-no-translation-aria-label=\"\">1<\/a>\n<span aria-label=\"Page 2\" aria-current=\"page\" class=\"page-numbers current\" data-no-translation-aria-label=\"\">2<\/span>\t\t\t\t\t<\/nav>\n\t\t\t\t<\/div>\n\t\t\t\t<\/div><!-- .obfx-grid-container --><\/div><!-- .obfx-grid -->\t\t\t\t<\/div>\n\t\t\t\t<\/div>\n\t\t\t\t\t<\/div>\n\t\t<\/div>\n\t\t\t\t\t<\/div>\n\t\t<\/section>\n\t\t\t\t<\/div>","protected":false},"excerpt":{"rendered":"<p>14.08.2017 \u010clen Hospod\u00e1\u0159sk\u00e9 komory \u010cesk\u00e9 republiky 06.02.2017 IKEM, objekt A, PA 18.3, migrace PLC SAIA PCD2.M5540 Dal\u0161\u00ed f\u00e1ze migrace PLC SAIA v IKEMu 27.01.2017 IKEM, objekt G, PA 43.5, migrace PLC SAIA PCD2.M5540 Dal\u0161\u00ed f\u00e1ze migrace PLC SAIA v IKEMu 26.01.2017 IKEM, objekt G, PA 43.4, migrace PLC SAIA PCD2.M5540 Dal\u0161\u00ed f\u00e1ze migrace PLC SAIA [&hellip;]<\/p>","protected":false},"author":1,"featured_media":0,"parent":0,"menu_order":0,"comment_status":"closed","ping_status":"closed","template":"elementor_header_footer","meta":{"footnotes":""},"class_list":["post-1448","page","type-page","status-publish","hentry"],"yoast_head":"<!-- This site is optimized with the Yoast SEO plugin v26.1.1 - https:\/\/yoast.com\/wordpress\/plugins\/seo\/ -->\n<title>Reference - PLC &amp; HMI Programov\u00e1n\u00ed<\/title>\n<meta name=\"robots\" content=\"index, follow, max-snippet:-1, max-image-preview:large, max-video-preview:-1\" \/>\n<link rel=\"canonical\" href=\"https:\/\/www.plc-control.net\/en\/reference\/\" \/>\n<meta property=\"og:locale\" content=\"en_GB\" \/>\n<meta property=\"og:type\" content=\"article\" \/>\n<meta property=\"og:title\" content=\"Reference - PLC &amp; HMI Programov\u00e1n\u00ed\" \/>\n<meta property=\"og:description\" content=\"14.08.2017 \u010clen Hospod\u00e1\u0159sk\u00e9 komory \u010cesk\u00e9 republiky 06.02.2017 IKEM, objekt A, PA 18.3, migrace PLC SAIA PCD2.M5540 Dal\u0161\u00ed f\u00e1ze migrace PLC SAIA v IKEMu 27.01.2017 IKEM, objekt G, PA 43.5, migrace PLC SAIA PCD2.M5540 Dal\u0161\u00ed f\u00e1ze migrace PLC SAIA v IKEMu 26.01.2017 IKEM, objekt G, PA 43.4, migrace PLC SAIA PCD2.M5540 Dal\u0161\u00ed f\u00e1ze migrace PLC SAIA [&hellip;]\" \/>\n<meta property=\"og:url\" content=\"https:\/\/www.plc-control.net\/en\/reference\/\" \/>\n<meta property=\"og:site_name\" content=\"PLC &amp; HMI Programov\u00e1n\u00ed\" \/>\n<meta property=\"article:modified_time\" content=\"2020-09-28T09:44:07+00:00\" \/>\n<meta property=\"og:image\" content=\"https:\/\/www.plc-control.net\/wp-content\/uploads\/2017\/03\/P1070169-e1489052822386.jpg\" \/>\n<meta name=\"twitter:card\" content=\"summary_large_image\" \/>\n<meta name=\"twitter:label1\" content=\"Estimated reading time\" \/>\n\t<meta name=\"twitter:data1\" content=\"1 minute\" \/>\n<script type=\"application\/ld+json\" class=\"yoast-schema-graph\">{\"@context\":\"https:\/\/schema.org\",\"@graph\":[{\"@type\":\"WebPage\",\"@id\":\"https:\/\/www.plc-control.net\/reference\/\",\"url\":\"https:\/\/www.plc-control.net\/reference\/\",\"name\":\"Reference - PLC &amp; HMI Programov\u00e1n\u00ed\",\"isPartOf\":{\"@id\":\"https:\/\/www.plc-control.net\/#website\"},\"primaryImageOfPage\":{\"@id\":\"https:\/\/www.plc-control.net\/reference\/#primaryimage\"},\"image\":{\"@id\":\"https:\/\/www.plc-control.net\/reference\/#primaryimage\"},\"thumbnailUrl\":\"https:\/\/www.plc-control.net\/wp-content\/uploads\/2017\/03\/P1070169-e1489052822386.jpg\",\"datePublished\":\"2020-09-28T05:48:03+00:00\",\"dateModified\":\"2020-09-28T09:44:07+00:00\",\"breadcrumb\":{\"@id\":\"https:\/\/www.plc-control.net\/reference\/#breadcrumb\"},\"inLanguage\":\"en-GB\",\"potentialAction\":[{\"@type\":\"ReadAction\",\"target\":[\"https:\/\/www.plc-control.net\/reference\/\"]}]},{\"@type\":\"ImageObject\",\"inLanguage\":\"en-GB\",\"@id\":\"https:\/\/www.plc-control.net\/reference\/#primaryimage\",\"url\":\"https:\/\/www.plc-control.net\/wp-content\/uploads\/2017\/03\/P1070169-e1489052822386.jpg\",\"contentUrl\":\"https:\/\/www.plc-control.net\/wp-content\/uploads\/2017\/03\/P1070169-e1489052822386.jpg\"},{\"@type\":\"BreadcrumbList\",\"@id\":\"https:\/\/www.plc-control.net\/reference\/#breadcrumb\",\"itemListElement\":[{\"@type\":\"ListItem\",\"position\":1,\"name\":\"Dom\u016f\",\"item\":\"https:\/\/www.plc-control.net\/\"},{\"@type\":\"ListItem\",\"position\":2,\"name\":\"Reference\"}]},{\"@type\":\"WebSite\",\"@id\":\"https:\/\/www.plc-control.net\/#website\",\"url\":\"https:\/\/www.plc-control.net\/\",\"name\":\"PLC &amp; HMI Programov\u00e1n\u00ed\",\"description\":\"Allen-Bradley, Beckhoff, Click-KOYO, Fatek, IDEC, Mitsubishi, SAIA, Siemens, Tecomat, Unitronics, Weintek\",\"publisher\":{\"@id\":\"https:\/\/www.plc-control.net\/#organization\"},\"potentialAction\":[{\"@type\":\"SearchAction\",\"target\":{\"@type\":\"EntryPoint\",\"urlTemplate\":\"https:\/\/www.plc-control.net\/?s={search_term_string}\"},\"query-input\":{\"@type\":\"PropertyValueSpecification\",\"valueRequired\":true,\"valueName\":\"search_term_string\"}}],\"inLanguage\":\"en-GB\"},{\"@type\":\"Organization\",\"@id\":\"https:\/\/www.plc-control.net\/#organization\",\"name\":\"Programov\u00e1n\u00ed PLC\",\"url\":\"https:\/\/www.plc-control.net\/\",\"logo\":{\"@type\":\"ImageObject\",\"inLanguage\":\"en-GB\",\"@id\":\"https:\/\/www.plc-control.net\/#\/schema\/logo\/image\/\",\"url\":\"https:\/\/www.plc-control.net\/wp-content\/uploads\/2016\/08\/favicon.png\",\"contentUrl\":\"https:\/\/www.plc-control.net\/wp-content\/uploads\/2016\/08\/favicon.png\",\"width\":76,\"height\":76,\"caption\":\"Programov\u00e1n\u00ed PLC\"},\"image\":{\"@id\":\"https:\/\/www.plc-control.net\/#\/schema\/logo\/image\/\"}}]}<\/script>\n<!-- \/ Yoast SEO plugin. -->","yoast_head_json":{"title":"Reference - PLC &amp; HMI Programov\u00e1n\u00ed","robots":{"index":"index","follow":"follow","max-snippet":"max-snippet:-1","max-image-preview":"max-image-preview:large","max-video-preview":"max-video-preview:-1"},"canonical":"https:\/\/www.plc-control.net\/en\/reference\/","og_locale":"en_GB","og_type":"article","og_title":"Reference - PLC &amp; HMI Programov\u00e1n\u00ed","og_description":"14.08.2017 \u010clen Hospod\u00e1\u0159sk\u00e9 komory \u010cesk\u00e9 republiky 06.02.2017 IKEM, objekt A, PA 18.3, migrace PLC SAIA PCD2.M5540 Dal\u0161\u00ed f\u00e1ze migrace PLC SAIA v IKEMu 27.01.2017 IKEM, objekt G, PA 43.5, migrace PLC SAIA PCD2.M5540 Dal\u0161\u00ed f\u00e1ze migrace PLC SAIA v IKEMu 26.01.2017 IKEM, objekt G, PA 43.4, migrace PLC SAIA PCD2.M5540 Dal\u0161\u00ed f\u00e1ze migrace PLC SAIA [&hellip;]","og_url":"https:\/\/www.plc-control.net\/en\/reference\/","og_site_name":"PLC &amp; HMI Programov\u00e1n\u00ed","article_modified_time":"2020-09-28T09:44:07+00:00","og_image":[{"url":"https:\/\/www.plc-control.net\/wp-content\/uploads\/2017\/03\/P1070169-e1489052822386.jpg","type":"","width":"","height":""}],"twitter_card":"summary_large_image","twitter_misc":{"Estimated reading time":"1 minute"},"schema":{"@context":"https:\/\/schema.org","@graph":[{"@type":"WebPage","@id":"https:\/\/www.plc-control.net\/reference\/","url":"https:\/\/www.plc-control.net\/reference\/","name":"Reference - PLC &amp; HMI Programov\u00e1n\u00ed","isPartOf":{"@id":"https:\/\/www.plc-control.net\/#website"},"primaryImageOfPage":{"@id":"https:\/\/www.plc-control.net\/reference\/#primaryimage"},"image":{"@id":"https:\/\/www.plc-control.net\/reference\/#primaryimage"},"thumbnailUrl":"https:\/\/www.plc-control.net\/wp-content\/uploads\/2017\/03\/P1070169-e1489052822386.jpg","datePublished":"2020-09-28T05:48:03+00:00","dateModified":"2020-09-28T09:44:07+00:00","breadcrumb":{"@id":"https:\/\/www.plc-control.net\/reference\/#breadcrumb"},"inLanguage":"en-GB","potentialAction":[{"@type":"ReadAction","target":["https:\/\/www.plc-control.net\/reference\/"]}]},{"@type":"ImageObject","inLanguage":"en-GB","@id":"https:\/\/www.plc-control.net\/reference\/#primaryimage","url":"https:\/\/www.plc-control.net\/wp-content\/uploads\/2017\/03\/P1070169-e1489052822386.jpg","contentUrl":"https:\/\/www.plc-control.net\/wp-content\/uploads\/2017\/03\/P1070169-e1489052822386.jpg"},{"@type":"BreadcrumbList","@id":"https:\/\/www.plc-control.net\/reference\/#breadcrumb","itemListElement":[{"@type":"ListItem","position":1,"name":"Dom\u016f","item":"https:\/\/www.plc-control.net\/"},{"@type":"ListItem","position":2,"name":"Reference"}]},{"@type":"WebSite","@id":"https:\/\/www.plc-control.net\/#website","url":"https:\/\/www.plc-control.net\/","name":"PLC &amp; HMI Programov\u00e1n\u00ed","description":"Allen-Bradley, Beckhoff, Click-KOYO, Fatek, IDEC, Mitsubishi, SAIA, Siemens, Tecomat, Unitronics, Weintek","publisher":{"@id":"https:\/\/www.plc-control.net\/#organization"},"potentialAction":[{"@type":"SearchAction","target":{"@type":"EntryPoint","urlTemplate":"https:\/\/www.plc-control.net\/?s={search_term_string}"},"query-input":{"@type":"PropertyValueSpecification","valueRequired":true,"valueName":"search_term_string"}}],"inLanguage":"en-GB"},{"@type":"Organization","@id":"https:\/\/www.plc-control.net\/#organization","name":"Programov\u00e1n\u00ed PLC","url":"https:\/\/www.plc-control.net\/","logo":{"@type":"ImageObject","inLanguage":"en-GB","@id":"https:\/\/www.plc-control.net\/#\/schema\/logo\/image\/","url":"https:\/\/www.plc-control.net\/wp-content\/uploads\/2016\/08\/favicon.png","contentUrl":"https:\/\/www.plc-control.net\/wp-content\/uploads\/2016\/08\/favicon.png","width":76,"height":76,"caption":"Programov\u00e1n\u00ed PLC"},"image":{"@id":"https:\/\/www.plc-control.net\/#\/schema\/logo\/image\/"}}]}},"_links":{"self":[{"href":"https:\/\/www.plc-control.net\/en\/wp-json\/wp\/v2\/pages\/1448","targetHints":{"allow":["GET"]}}],"collection":[{"href":"https:\/\/www.plc-control.net\/en\/wp-json\/wp\/v2\/pages"}],"about":[{"href":"https:\/\/www.plc-control.net\/en\/wp-json\/wp\/v2\/types\/page"}],"author":[{"embeddable":true,"href":"https:\/\/www.plc-control.net\/en\/wp-json\/wp\/v2\/users\/1"}],"replies":[{"embeddable":true,"href":"https:\/\/www.plc-control.net\/en\/wp-json\/wp\/v2\/comments?post=1448"}],"version-history":[{"count":10,"href":"https:\/\/www.plc-control.net\/en\/wp-json\/wp\/v2\/pages\/1448\/revisions"}],"predecessor-version":[{"id":1491,"href":"https:\/\/www.plc-control.net\/en\/wp-json\/wp\/v2\/pages\/1448\/revisions\/1491"}],"wp:attachment":[{"href":"https:\/\/www.plc-control.net\/en\/wp-json\/wp\/v2\/media?parent=1448"}],"curies":[{"name":"wp","href":"https:\/\/api.w.org\/{rel}","templated":true}]}}